{"id":2097,"date":"2024-08-09T09:41:30","date_gmt":"2024-08-09T09:41:30","guid":{"rendered":"https:\/\/leafood.com\/?page_id=2097"},"modified":"2024-08-09T12:10:59","modified_gmt":"2024-08-09T12:10:59","slug":"nextgeneration-eu","status":"publish","type":"page","link":"https:\/\/leafood.com\/en\/nextgeneration-eu\/","title":{"rendered":"Nextgeneration-Eu"},"content":{"rendered":"<div data-elementor-type=\"wp-page\" data-elementor-id=\"2097\" class=\"elementor elementor-2097\">\n\t\t\t\t\t\t\t\t\t<section class=\"elementor-section elementor-top-section elementor-element elementor-element-2f02784 elementor-section-boxed elementor-section-height-default elementor-section-height-default wpr-particle-no wpr-jarallax-no wpr-parallax-no wpr-sticky-section-no\" data-id=\"2f02784\" data-element_type=\"section\" data-settings=\"{&quot;background_background&quot;:&quot;classic&quot;}\">\n\t\t\t\t\t\t\t<div class=\"elementor-background-overlay\"><\/div>\n\t\t\t\t\t\t\t<div class=\"elementor-container elementor-column-gap-default\">\n\t\t\t\t\t<div class=\"elementor-column elementor-col-100 elementor-top-column elementor-element elementor-element-9874fe2\" data-id=\"9874fe2\" data-element_type=\"column\">\n\t\t\t<div class=\"elementor-widget-wrap elementor-element-populated\">\n\t\t\t\t\t\t\t\t<div class=\"elementor-element elementor-element-92c2f6e produktai elementor-widget elementor-widget-heading\" data-id=\"92c2f6e\" data-element_type=\"widget\" data-widget_type=\"heading.default\">\n\t\t\t\t<div class=\"elementor-widget-container\">\n\t\t\t<style>\/*! elementor - v3.6.4 - 13-04-2022 *\/\n.elementor-heading-title{padding:0;margin:0;line-height:1}.elementor-widget-heading .elementor-heading-title[class*=elementor-size-]>a{color:inherit;font-size:inherit;line-height:inherit}.elementor-widget-heading .elementor-heading-title.elementor-size-small{font-size:15px}.elementor-widget-heading .elementor-heading-title.elementor-size-medium{font-size:19px}.elementor-widget-heading .elementor-heading-title.elementor-size-large{font-size:29px}.elementor-widget-heading .elementor-heading-title.elementor-size-xl{font-size:39px}.elementor-widget-heading .elementor-heading-title.elementor-size-xxl{font-size:59px}<\/style><h2 class=\"elementor-heading-title elementor-size-default\">Nextgeneration-Eu<\/h2>\t\t<\/div>\n\t\t\t\t<\/div>\n\t\t\t\t\t<\/div>\n\t\t<\/div>\n\t\t\t\t\t\t\t<\/div>\n\t\t<\/section>\n\t\t\t\t<section class=\"elementor-section elementor-top-section elementor-element elementor-element-088686c elementor-section-boxed elementor-section-height-default elementor-section-height-default wpr-particle-no wpr-jarallax-no wpr-parallax-no wpr-sticky-section-no\" data-id=\"088686c\" data-element_type=\"section\" data-settings=\"{&quot;background_background&quot;:&quot;classic&quot;}\">\n\t\t\t\t\t\t\t<div class=\"elementor-background-overlay\"><\/div>\n\t\t\t\t\t\t\t<div class=\"elementor-container elementor-column-gap-default\">\n\t\t\t\t\t<div class=\"elementor-column elementor-col-100 elementor-top-column elementor-element elementor-element-3656213\" data-id=\"3656213\" data-element_type=\"column\">\n\t\t\t<div class=\"elementor-widget-wrap elementor-element-populated\">\n\t\t\t\t\t\t\t\t<div class=\"elementor-element elementor-element-e2242ed elementor-widget elementor-widget-image\" data-id=\"e2242ed\" data-element_type=\"widget\" data-widget_type=\"image.default\">\n\t\t\t\t<div class=\"elementor-widget-container\">\n\t\t\t<style>\/*! elementor - v3.6.4 - 13-04-2022 *\/\n.elementor-widget-image{text-align:center}.elementor-widget-image a{display:inline-block}.elementor-widget-image a img[src$=\".svg\"]{width:48px}.elementor-widget-image img{vertical-align:middle;display:inline-block}<\/style>\t\t\t\t\t\t\t\t\t\t\t\t<img decoding=\"async\" loading=\"lazy\" width=\"602\" height=\"162\" src=\"https:\/\/leafood.com\/wp-content\/uploads\/2024\/08\/Screenshot-2024-08-09-150345.png\" class=\"attachment-large size-large\" alt=\"\" srcset=\"https:\/\/leafood.com\/wp-content\/uploads\/2024\/08\/Screenshot-2024-08-09-150345.png 602w, https:\/\/leafood.com\/wp-content\/uploads\/2024\/08\/Screenshot-2024-08-09-150345-300x81.png 300w, https:\/\/leafood.com\/wp-content\/uploads\/2024\/08\/Screenshot-2024-08-09-150345-18x5.png 18w, https:\/\/leafood.com\/wp-content\/uploads\/2024\/08\/Screenshot-2024-08-09-150345-600x161.png 600w\" sizes=\"(max-width: 602px) 100vw, 602px\" \/>\t\t\t\t\t\t\t\t\t\t\t\t\t\t\t<\/div>\n\t\t\t\t<\/div>\n\t\t\t\t<div class=\"elementor-element elementor-element-86e528b produktai elementor-widget elementor-widget-heading\" data-id=\"86e528b\" data-element_type=\"widget\" data-widget_type=\"heading.default\">\n\t\t\t\t<div class=\"elementor-widget-container\">\n\t\t\t<p class=\"elementor-heading-title elementor-size-default\">UAB Leafood kuria dirbtiniu intelektu pagr\u012fst\u0105 \u012frank\u012f<\/p>\t\t<\/div>\n\t\t\t\t<\/div>\n\t\t\t\t<div class=\"elementor-element elementor-element-63ed780 elementor-widget elementor-widget-text-editor\" data-id=\"63ed780\" data-element_type=\"widget\" data-widget_type=\"text-editor.default\">\n\t\t\t\t<div class=\"elementor-widget-container\">\n\t\t\t<style>\/*! elementor - v3.6.4 - 13-04-2022 *\/\n.elementor-widget-text-editor.elementor-drop-cap-view-stacked .elementor-drop-cap{background-color:#818a91;color:#fff}.elementor-widget-text-editor.elementor-drop-cap-view-framed .elementor-drop-cap{color:#818a91;border:3px solid;background-color:transparent}.elementor-widget-text-editor:not(.elementor-drop-cap-view-default) .elementor-drop-cap{margin-top:8px}.elementor-widget-text-editor:not(.elementor-drop-cap-view-default) .elementor-drop-cap-letter{width:1em;height:1em}.elementor-widget-text-editor .elementor-drop-cap{float:left;text-align:center;line-height:1;font-size:50px}.elementor-widget-text-editor .elementor-drop-cap-letter{display:inline-block}<\/style>\t\t\t\t<p>UAB \u201cLeafood\u201d \u012fgyvendina projekt\u0105 \u201cInovatyvaus, dirbtiniu intelektu pagr\u012fsto sprendimo suk\u016brimas UAB Leafood\u201d. Projekto tikslas &#8211; sukurti inovatyv\u0173 dirbtiniu intelektu pagr\u012fst\u0105 \u012frank\u012f \u201eMES\u201d, skirt\u0105 vertikaliems \u016bkiams.<\/p><p>Naujoji sistema leis panaudoti dirbtin\u012f intelekt\u0105 i\u0161naudojant duomenis auginimo proceso optimizavimui, kiekvienai \u017ealumyn\u0173 r\u016b\u0161iai pritaikyti individuali\u0105 prie\u017ei\u016br\u0105 ir taip pagerinti vertikalaus \u016bkio finansinius rodiklius. Optimizavimas apims nepasiekto derliaus kiekio analiz\u0119, \u012fskaitant prane\u0161im\u0173 siuntimus, bei alternatyvi\u0173 veiksm\u0173 si\u016blymus; automatin\u012f atsarg\u0173 valdym\u0105; i\u0161man\u0173 auginimo lentyn\u0173 valdym\u0105; mobilioji sistemos versija; integracija su ERP.<\/p><p>Projekto trukm\u0117 nuo 2024-03-01 iki 2024-12-31.<\/p><p>Projektas \u012fgyvendinamas pagal 2022\u20132030 met\u0173 Lietuvos Respublikos ekonomikos ir inovacij\u0173 ministerijos ekonomikos transformacijos ir konkurencingumo pl\u0117tros programos pa\u017eangos priemon\u0117s Nr. 05-001-01-05-05 \u201eSkatinti \u012fmones skaitmenizuotis\u201d veikl\u0105 \u201eFinansin\u0117s paskatos startuoliams ir at\u017ealin\u0117ms \u012fmon\u0117ms kurti DI, blok\u0173 grandin\u0117s technologij\u0173, robotikos proces\u0173 automatizavimo produktus ir sprendimus\u201d.<\/p>\t\t\t\t\t\t<\/div>\n\t\t\t\t<\/div>\n\t\t\t\t\t<\/div>\n\t\t<\/div>\n\t\t\t\t\t\t\t<\/div>\n\t\t<\/section>\n\t\t\t\t\t\t\t<\/div>","protected":false},"excerpt":{"rendered":"<p>Nextgeneration-Eu UAB Leafood kuria dirbtiniu intelektu pagr\u012fst\u0105 \u012frank\u012f UAB \u201cLeafood\u201d \u012fgyvendina projekt\u0105 \u201cInovatyvaus, dirbtiniu intelektu pagr\u012fsto sprendimo suk\u016brimas UAB Leafood\u201d. Projekto tikslas &#8211; sukurti inovatyv\u0173 dirbtiniu intelektu pagr\u012fst\u0105 \u012frank\u012f \u201eMES\u201d, skirt\u0105 vertikaliems \u016bkiams. Naujoji sistema leis panaudoti dirbtin\u012f intelekt\u0105 i\u0161naudojant duomenis auginimo proceso optimizavimui, kiekvienai \u017ealumyn\u0173 r\u016b\u0161iai pritaikyti individuali\u0105 prie\u017ei\u016br\u0105 ir taip pagerinti vertikalaus \u016bkio &hellip;<\/p>\n<p class=\"read-more\"> <a class=\"\" href=\"https:\/\/leafood.com\/en\/nextgeneration-eu\/\"> <span class=\"screen-reader-text\">Nextgeneration-Eu<\/span> Read More &raquo;<\/a><\/p>","protected":false},"author":2,"featured_media":2101,"parent":0,"menu_order":0,"comment_status":"closed","ping_status":"closed","template":"","meta":{"_mi_skip_tracking":false,"site-sidebar-layout":"no-sidebar","site-content-layout":"page-builder","ast-main-header-display":"","ast-hfb-above-header-display":"","ast-hfb-below-header-display":"","ast-hfb-mobile-header-display":"","site-post-title":"disabled","ast-breadcrumbs-content":"","ast-featured-img":"disabled","footer-sml-layout":"","theme-transparent-header-meta":"","adv-header-id-meta":"","stick-header-meta":"","header-above-stick-meta":"","header-main-stick-meta":"","header-below-stick-meta":"","footnotes":""},"yoast_head":"<!-- This site is optimized with the Yoast SEO plugin v18.8 - https:\/\/yoast.com\/wordpress\/plugins\/seo\/ -->\n<title>Nextgeneration-Eu - LEAFOOD<\/title>\n<meta name=\"robots\" content=\"index, follow, max-snippet:-1, max-image-preview:large, max-video-preview:-1\" \/>\n<link rel=\"canonical\" href=\"https:\/\/leafood.com\/en\/nextgeneration-eu\/\" \/>\n<meta property=\"og:locale\" content=\"en_GB\" \/>\n<meta property=\"og:type\" content=\"article\" \/>\n<meta property=\"og:title\" content=\"Nextgeneration-Eu - LEAFOOD\" \/>\n<meta property=\"og:description\" content=\"Nextgeneration-Eu UAB Leafood kuria dirbtiniu intelektu pagr\u012fst\u0105 \u012frank\u012f UAB \u201cLeafood\u201d \u012fgyvendina projekt\u0105 \u201cInovatyvaus, dirbtiniu intelektu pagr\u012fsto sprendimo suk\u016brimas UAB Leafood\u201d. Projekto tikslas &#8211; sukurti inovatyv\u0173 dirbtiniu intelektu pagr\u012fst\u0105 \u012frank\u012f \u201eMES\u201d, skirt\u0105 vertikaliems \u016bkiams. Naujoji sistema leis panaudoti dirbtin\u012f intelekt\u0105 i\u0161naudojant duomenis auginimo proceso optimizavimui, kiekvienai \u017ealumyn\u0173 r\u016b\u0161iai pritaikyti individuali\u0105 prie\u017ei\u016br\u0105 ir taip pagerinti vertikalaus \u016bkio &hellip; Nextgeneration-Eu Read More &raquo;\" \/>\n<meta property=\"og:url\" content=\"https:\/\/leafood.com\/en\/nextgeneration-eu\/\" \/>\n<meta property=\"og:site_name\" content=\"LEAFOOD\" \/>\n<meta property=\"article:modified_time\" content=\"2024-08-09T12:10:59+00:00\" \/>\n<meta property=\"og:image\" content=\"http:\/\/leafood.com\/wp-content\/uploads\/2024\/08\/bg.png\" \/>\n\t<meta property=\"og:image:width\" content=\"2000\" \/>\n\t<meta property=\"og:image:height\" content=\"2676\" \/>\n\t<meta property=\"og:image:type\" content=\"image\/png\" \/>\n<meta name=\"twitter:card\" content=\"summary_large_image\" \/>\n<meta name=\"twitter:label1\" content=\"Estimated reading time\" \/>\n\t<meta name=\"twitter:data1\" content=\"1 minute\" \/>\n<script type=\"application\/ld+json\" class=\"yoast-schema-graph\">{\"@context\":\"https:\/\/schema.org\",\"@graph\":[{\"@type\":\"WebSite\",\"@id\":\"https:\/\/leafood.com\/#website\",\"url\":\"https:\/\/leafood.com\/\",\"name\":\"LEAFOOD\",\"description\":\"\",\"potentialAction\":[{\"@type\":\"SearchAction\",\"target\":{\"@type\":\"EntryPoint\",\"urlTemplate\":\"https:\/\/leafood.com\/?s={search_term_string}\"},\"query-input\":\"required name=search_term_string\"}],\"inLanguage\":\"en-GB\"},{\"@type\":\"ImageObject\",\"inLanguage\":\"en-GB\",\"@id\":\"https:\/\/leafood.com\/nextgeneration-eu\/#primaryimage\",\"url\":\"https:\/\/leafood.com\/wp-content\/uploads\/2024\/08\/bg.png\",\"contentUrl\":\"https:\/\/leafood.com\/wp-content\/uploads\/2024\/08\/bg.png\",\"width\":2000,\"height\":2676},{\"@type\":\"WebPage\",\"@id\":\"https:\/\/leafood.com\/nextgeneration-eu\/#webpage\",\"url\":\"https:\/\/leafood.com\/nextgeneration-eu\/\",\"name\":\"Nextgeneration-Eu - LEAFOOD\",\"isPartOf\":{\"@id\":\"https:\/\/leafood.com\/#website\"},\"primaryImageOfPage\":{\"@id\":\"https:\/\/leafood.com\/nextgeneration-eu\/#primaryimage\"},\"datePublished\":\"2024-08-09T09:41:30+00:00\",\"dateModified\":\"2024-08-09T12:10:59+00:00\",\"breadcrumb\":{\"@id\":\"https:\/\/leafood.com\/nextgeneration-eu\/#breadcrumb\"},\"inLanguage\":\"en-GB\",\"potentialAction\":[{\"@type\":\"ReadAction\",\"target\":[\"https:\/\/leafood.com\/nextgeneration-eu\/\"]}]},{\"@type\":\"BreadcrumbList\",\"@id\":\"https:\/\/leafood.com\/nextgeneration-eu\/#breadcrumb\",\"itemListElement\":[{\"@type\":\"ListItem\",\"position\":1,\"name\":\"Home\",\"item\":\"https:\/\/leafood.com\/\"},{\"@type\":\"ListItem\",\"position\":2,\"name\":\"Nextgeneration-Eu\"}]}]}<\/script>\n<!-- \/ Yoast SEO plugin. -->","yoast_head_json":{"title":"Nextgeneration-Eu - LEAFOOD","robots":{"index":"index","follow":"follow","max-snippet":"max-snippet:-1","max-image-preview":"max-image-preview:large","max-video-preview":"max-video-preview:-1"},"canonical":"https:\/\/leafood.com\/en\/nextgeneration-eu\/","og_locale":"en_GB","og_type":"article","og_title":"Nextgeneration-Eu - LEAFOOD","og_description":"Nextgeneration-Eu UAB Leafood kuria dirbtiniu intelektu pagr\u012fst\u0105 \u012frank\u012f UAB \u201cLeafood\u201d \u012fgyvendina projekt\u0105 \u201cInovatyvaus, dirbtiniu intelektu pagr\u012fsto sprendimo suk\u016brimas UAB Leafood\u201d. Projekto tikslas &#8211; sukurti inovatyv\u0173 dirbtiniu intelektu pagr\u012fst\u0105 \u012frank\u012f \u201eMES\u201d, skirt\u0105 vertikaliems \u016bkiams. Naujoji sistema leis panaudoti dirbtin\u012f intelekt\u0105 i\u0161naudojant duomenis auginimo proceso optimizavimui, kiekvienai \u017ealumyn\u0173 r\u016b\u0161iai pritaikyti individuali\u0105 prie\u017ei\u016br\u0105 ir taip pagerinti vertikalaus \u016bkio &hellip; Nextgeneration-Eu Read More &raquo;","og_url":"https:\/\/leafood.com\/en\/nextgeneration-eu\/","og_site_name":"LEAFOOD","article_modified_time":"2024-08-09T12:10:59+00:00","og_image":[{"width":2000,"height":2676,"url":"http:\/\/leafood.com\/wp-content\/uploads\/2024\/08\/bg.png","type":"image\/png"}],"twitter_card":"summary_large_image","twitter_misc":{"Estimated reading time":"1 minute"},"schema":{"@context":"https:\/\/schema.org","@graph":[{"@type":"WebSite","@id":"https:\/\/leafood.com\/#website","url":"https:\/\/leafood.com\/","name":"LEAFOOD","description":"","potentialAction":[{"@type":"SearchAction","target":{"@type":"EntryPoint","urlTemplate":"https:\/\/leafood.com\/?s={search_term_string}"},"query-input":"required name=search_term_string"}],"inLanguage":"en-GB"},{"@type":"ImageObject","inLanguage":"en-GB","@id":"https:\/\/leafood.com\/nextgeneration-eu\/#primaryimage","url":"https:\/\/leafood.com\/wp-content\/uploads\/2024\/08\/bg.png","contentUrl":"https:\/\/leafood.com\/wp-content\/uploads\/2024\/08\/bg.png","width":2000,"height":2676},{"@type":"WebPage","@id":"https:\/\/leafood.com\/nextgeneration-eu\/#webpage","url":"https:\/\/leafood.com\/nextgeneration-eu\/","name":"Nextgeneration-Eu - LEAFOOD","isPartOf":{"@id":"https:\/\/leafood.com\/#website"},"primaryImageOfPage":{"@id":"https:\/\/leafood.com\/nextgeneration-eu\/#primaryimage"},"datePublished":"2024-08-09T09:41:30+00:00","dateModified":"2024-08-09T12:10:59+00:00","breadcrumb":{"@id":"https:\/\/leafood.com\/nextgeneration-eu\/#breadcrumb"},"inLanguage":"en-GB","potentialAction":[{"@type":"ReadAction","target":["https:\/\/leafood.com\/nextgeneration-eu\/"]}]},{"@type":"BreadcrumbList","@id":"https:\/\/leafood.com\/nextgeneration-eu\/#breadcrumb","itemListElement":[{"@type":"ListItem","position":1,"name":"Home","item":"https:\/\/leafood.com\/"},{"@type":"ListItem","position":2,"name":"Nextgeneration-Eu"}]}]}},"_links":{"self":[{"href":"https:\/\/leafood.com\/en\/wp-json\/wp\/v2\/pages\/2097"}],"collection":[{"href":"https:\/\/leafood.com\/en\/wp-json\/wp\/v2\/pages"}],"about":[{"href":"https:\/\/leafood.com\/en\/wp-json\/wp\/v2\/types\/page"}],"author":[{"embeddable":true,"href":"https:\/\/leafood.com\/en\/wp-json\/wp\/v2\/users\/2"}],"replies":[{"embeddable":true,"href":"https:\/\/leafood.com\/en\/wp-json\/wp\/v2\/comments?post=2097"}],"version-history":[{"count":16,"href":"https:\/\/leafood.com\/en\/wp-json\/wp\/v2\/pages\/2097\/revisions"}],"predecessor-version":[{"id":2117,"href":"https:\/\/leafood.com\/en\/wp-json\/wp\/v2\/pages\/2097\/revisions\/2117"}],"wp:featuredmedia":[{"embeddable":true,"href":"https:\/\/leafood.com\/en\/wp-json\/wp\/v2\/media\/2101"}],"wp:attachment":[{"href":"https:\/\/leafood.com\/en\/wp-json\/wp\/v2\/media?parent=2097"}],"curies":[{"name":"wp","href":"https:\/\/api.w.org\/{rel}","templated":true}]}}